{"id":1795,"date":"2021-11-26T06:10:14","date_gmt":"2021-11-26T06:10:14","guid":{"rendered":"http:\/\/ibpsmexico.com\/?page_id=1795"},"modified":"2024-02-18T01:17:39","modified_gmt":"2024-02-18T01:17:39","slug":"servicios-2","status":"publish","type":"page","link":"https:\/\/ibpsmexico.com\/?page_id=1795","title":{"rendered":"Servicios"},"content":{"rendered":"<section class=\"wpb-content-wrapper\"><p>[vc_row content_placement=&#8221;middle&#8221; et_uniqid=&#8221;et_custom_uniqid_6049212733bbd&#8221; css=&#8221;.vc_custom_1615643996753{margin-top: 160px !important;margin-bottom: 150px !important;}&#8221; _et_uniqid=&#8221;et_custom_uniqid_new_604cc555bcab1&#8243; css_md=&#8221;.vc_custom_1615643996754{margin-top: 100px !important;margin-bottom: 50px !important;}&#8221;][vc_column css_animation=&#8221;fadeInLeft&#8221; width=&#8221;1\/2&#8243; et_uniqid=&#8221;et_custom_uniqid_604cdb2828499&#8243; _et_uniqid=&#8221;et_custom_uniqid_new_604cdb28375fd&#8221;][vc_single_image source=&#8221;external_link&#8221; alignment=&#8221;center&#8221; custom_src=&#8221;https:\/\/ibpsmexico.com\/wp-content\/uploads\/2021\/11\/auditoria1.jpg&#8221;][\/vc_column][vc_column css_animation=&#8221;fadeInRight&#8221; width=&#8221;1\/2&#8243; et_uniqid=&#8221;et_custom_uniqid_6049151d5697a&#8221; css=&#8221;.vc_custom_1615649586676{padding-top: 65px !important;padding-bottom: 25px !important;padding-left: 220px !important;}&#8221; _et_uniqid=&#8221;et_custom_uniqid_new_604cdb2f50d0f&#8221; css_md=&#8221;.vc_custom_1615649586677{padding-left: 0px !important;}&#8221; css_xs=&#8221;.vc_custom_1615649586679{padding-top: 25px !important;}&#8221;][vc_custom_heading text=&#8221;Auditoria y Procedimientos de Revisi\u00f3n&#8221; font_container=&#8221;tag:h3|font_size:20|text_align:left|color:%2393222b|line_height:96px&#8221; google_fonts=&#8221;font_family:Montserrat%3Aregular%2C700|font_style:700%20bold%20regular%3A700%3Anormal&#8221; css=&#8221;.vc_custom_1637248983221{margin-bottom: 0px !important;}&#8221; el_class=&#8221;mob-custom-size-1&#8243;][vc_column_text]<\/p>\n<ul>\n<li>Auditoria o revisi\u00f3n de cumplimiento de obligaciones para identificar posibles contingencias en las operaciones de comercio exterior.<\/li>\n<li>Auditor\u00eda especializada en el control y cumplimiento de programas de fomento al comercio exterior como el IMMEX.<\/li>\n<li>Procedimientos de auditor\u00eda para asegurar la libre expedici\u00f3n del Certificado de Origen en los t\u00e9rminos previstos en los Tratados de Libre Comercio y Acuerdos de Complementaci\u00f3n Econ\u00f3mica que ha suscrito nuestro pa\u00eds.<\/li>\n<\/ul>\n<p>[\/vc_column_text][\/vc_column][\/vc_row][vc_row content_placement=&#8221;middle&#8221; et_uniqid=&#8221;et_custom_uniqid_6049212733bbd&#8221; css=&#8221;.vc_custom_1615643996753{margin-top: 160px !important;margin-bottom: 150px !important;}&#8221; _et_uniqid=&#8221;et_custom_uniqid_new_604cc555bcab1&#8243; css_md=&#8221;.vc_custom_1615643996754{margin-top: 100px !important;margin-bottom: 50px !important;}&#8221;][vc_column css_animation=&#8221;fadeInLeft&#8221; width=&#8221;1\/2&#8243; et_uniqid=&#8221;et_custom_uniqid_604cdb2828499&#8243; _et_uniqid=&#8221;et_custom_uniqid_new_61966fa989af6&#8243; css=&#8221;.vc_custom_1637248945113{padding-top: 65px !important;padding-right: 220px !important;padding-bottom: 25px !important;}&#8221;][vc_custom_heading text=&#8221;Consultor\u00eda&#8221; font_container=&#8221;tag:h3|font_size:20|text_align:left|color:%2393222b|line_height:96px&#8221; google_fonts=&#8221;font_family:Montserrat%3Aregular%2C700|font_style:700%20bold%20regular%3A700%3Anormal&#8221; css=&#8221;.vc_custom_1637248977563{margin-bottom: 0px !important;}&#8221; el_class=&#8221;mob-custom-size-1&#8243;][vc_column_text]Planeaci\u00f3n y consultor\u00eda en operaciones internacionales de comercio exterior.<\/p>\n<p>Identificaci\u00f3n y recomendaciones para resolver la problem\u00e1tica aduanera diaria, as\u00ed como de proyectos espec\u00edficos.<\/p>\n<p>Identificaci\u00f3n de los elementos para la correcta determinaci\u00f3n de la base gravable de importaci\u00f3n en operaciones que realicen compa\u00f1\u00edas vinculadas, as\u00ed como de su correcta clasificaci\u00f3n arancelaria.<\/p>\n<p>Obtenci\u00f3n de autorizaciones para programas de fomento al comercio exterior como: IMMEX, ECEX, etc.<\/p>\n<p>Confirmaciones de criterio para la correcta calificaci\u00f3n de origen en aplicaci\u00f3n de los Tratados de Libre Comercio y Acuerdos de Complementaci\u00f3n Econ\u00f3mica.<\/p>\n<p>Obtenci\u00f3n de dict\u00e1menes anticipados o confirmaciones de criterio en asuntos particulares.<\/p>\n<p>Capacitaci\u00f3n de personal en materia de aduanas y comercio exterior.[\/vc_column_text][\/vc_column][vc_column css_animation=&#8221;fadeInRight&#8221; width=&#8221;1\/2&#8243; et_uniqid=&#8221;et_custom_uniqid_6049151d5697a&#8221; css=&#8221;.vc_custom_1637248898950{padding-top: 0px !important;padding-bottom: 0px !important;padding-left: 0px !important;}&#8221; _et_uniqid=&#8221;et_custom_uniqid_new_61966f7992e7e&#8221; css_md=&#8221;.vc_custom_1637248898951{padding-left: 0px !important;}&#8221; css_xs=&#8221;.vc_custom_1637248898952{padding-top: 25px !important;}&#8221;][vc_single_image source=&#8221;external_link&#8221; alignment=&#8221;center&#8221; custom_src=&#8221;https:\/\/ibpsmexico.com\/wp-content\/uploads\/2021\/11\/consultoria1.jpg&#8221;][\/vc_column][\/vc_row][vc_row content_placement=&#8221;middle&#8221; et_uniqid=&#8221;et_custom_uniqid_6049212733bbd&#8221; css=&#8221;.vc_custom_1615643996753{margin-top: 160px !important;margin-bottom: 150px !important;}&#8221; _et_uniqid=&#8221;et_custom_uniqid_new_604cc555bcab1&#8243; css_md=&#8221;.vc_custom_1615643996754{margin-top: 100px !important;margin-bottom: 50px !important;}&#8221;][vc_column css_animation=&#8221;fadeInLeft&#8221; width=&#8221;1\/2&#8243; et_uniqid=&#8221;et_custom_uniqid_604cdb2828499&#8243; _et_uniqid=&#8221;et_custom_uniqid_new_604cdb28375fd&#8221;][vc_single_image source=&#8221;external_link&#8221; alignment=&#8221;center&#8221; custom_src=&#8221;https:\/\/ibpsmexico.com\/wp-content\/uploads\/2021\/11\/inversion1.jpg&#8221;][\/vc_column][vc_column css_animation=&#8221;fadeInRight&#8221; width=&#8221;1\/2&#8243; et_uniqid=&#8221;et_custom_uniqid_6049151d5697a&#8221; css=&#8221;.vc_custom_1615649586676{padding-top: 65px !important;padding-bottom: 25px !important;padding-left: 220px !important;}&#8221; _et_uniqid=&#8221;et_custom_uniqid_new_604cdb2f50d0f&#8221; css_md=&#8221;.vc_custom_1615649586677{padding-left: 0px !important;}&#8221; css_xs=&#8221;.vc_custom_1615649586679{padding-top: 25px !important;}&#8221;][vc_custom_heading text=&#8221;Inversi\u00f3n Extranjera Y Empresas En Desarrollo&#8221; font_container=&#8221;tag:h4|font_size:16|text_align:left|color:%2393222b|line_height:5&#8243; google_fonts=&#8221;font_family:Montserrat%3Aregular%2C700|font_style:700%20bold%20regular%3A700%3Anormal&#8221; css=&#8221;.vc_custom_1637250380484{margin-bottom: 0px !important;}&#8221; el_class=&#8221;mob-custom-size-1&#8243;][vc_column_text]Las inversiones extranjeras que se establecen en M\u00e9xico requieren un servicio integral y especializado para cumplir con todas las formalidades legales en el exitoso inicio de sus negocios en el pa\u00eds, por lo que ponemos a su disposici\u00f3n nuestros servicios para empresa de nueva creaci\u00f3n:<\/p>\n<p><strong>Asesor\u00eda corporativa para constituci\u00f3n de empresas<\/strong><\/p>\n<ul>\n<li>Tipos de sociedades<\/li>\n<li>Objetivos<\/li>\n<li>Estatutos<\/li>\n<li>Poderes<\/li>\n<\/ul>\n<p><strong>Establecimiento de r\u00e9gimen fiscal en M\u00e9xico<\/strong><\/p>\n<ul>\n<li>Asesor\u00eda para las formas de tributar en M\u00e9xico<\/li>\n<li>Asesor\u00eda para las formalidades y obligaciones en M\u00e9xico<\/li>\n<li>Asesor\u00eda en aplicaci\u00f3n de tratados tributarios internacionales y de comercio exterior<\/li>\n<\/ul>\n<p><strong>R\u00e9gimen legal para contrataci\u00f3n de empleados en M\u00e9xico<\/strong><\/p>\n<ul>\n<li>Obligaciones y derechos<\/li>\n<li>Contratos laborales<\/li>\n<li>Asesor\u00eda en contratos colectivos<\/li>\n<\/ul>\n<p><strong>Consultor\u00eda para contrataci\u00f3n de empleados extranjeros<\/strong><\/p>\n<ul>\n<li>R\u00e9gimen fiscal de expatriados<\/li>\n<li>Legal estancia de extranjeros en M\u00e9xico<\/li>\n<\/ul>\n<p>[\/vc_column_text][\/vc_column][\/vc_row][vc_row content_placement=&#8221;middle&#8221; et_uniqid=&#8221;et_custom_uniqid_6049212733bbd&#8221; css=&#8221;.vc_custom_1615643996753{margin-top: 160px !important;margin-bottom: 150px !important;}&#8221; _et_uniqid=&#8221;et_custom_uniqid_new_604cc555bcab1&#8243; css_md=&#8221;.vc_custom_1615643996754{margin-top: 100px !important;margin-bottom: 50px !important;}&#8221;][vc_column css_animation=&#8221;fadeInLeft&#8221; width=&#8221;1\/2&#8243; et_uniqid=&#8221;et_custom_uniqid_604cdb2828499&#8243; _et_uniqid=&#8221;et_custom_uniqid_new_61966fa989af6&#8243; css=&#8221;.vc_custom_1637248945113{padding-top: 65px !important;padding-right: 220px !important;padding-bottom: 25px !important;}&#8221;][vc_custom_heading text=&#8221;Servicios Legales&#8221; font_container=&#8221;tag:h3|font_size:20|text_align:left|color:%2393222b|line_height:96px&#8221; google_fonts=&#8221;font_family:Montserrat%3Aregular%2C700|font_style:700%20bold%20regular%3A700%3Anormal&#8221; css=&#8221;.vc_custom_1637250085490{margin-bottom: 0px !important;}&#8221; el_class=&#8221;mob-custom-size-1&#8243;][vc_column_text]<\/p>\n<ul>\n<li>Asistencia legal en las auditor\u00edas derivadas de la aplicaci\u00f3n de los tratados de libre comercio y la operaci\u00f3n aduanera de su empresa.<\/li>\n<li>Defensa legal, Procedimiento Administrativo en Materia Aduanera (PAMA), Procedimiento Administrativo por Omisi\u00f3n de Contribuciones y Cuotas Compensatorias (PACO).<\/li>\n<li>Elaboraci\u00f3n y seguimiento de Recurso Administrativo de Revocaci\u00f3n, Juicio de Nulidad y Amparo, por cr\u00e9ditos fiscales en materia aduanera.<\/li>\n<li>Procedimientos de regularizaci\u00f3n de bienes de procedencia extranjera.<\/li>\n<li>Elaboraci\u00f3n de contratos de maquila y de compraventa internacional.<\/li>\n<\/ul>\n<p>[\/vc_column_text][\/vc_column][vc_column css_animation=&#8221;fadeInRight&#8221; width=&#8221;1\/2&#8243; et_uniqid=&#8221;et_custom_uniqid_6049151d5697a&#8221; css=&#8221;.vc_custom_1637248898950{padding-top: 0px !important;padding-bottom: 0px !important;padding-left: 0px !important;}&#8221; _et_uniqid=&#8221;et_custom_uniqid_new_61966f7992e7e&#8221; css_md=&#8221;.vc_custom_1637248898951{padding-left: 0px !important;}&#8221; css_xs=&#8221;.vc_custom_1637248898952{padding-top: 25px !important;}&#8221;][vc_single_image source=&#8221;external_link&#8221; alignment=&#8221;center&#8221; custom_src=&#8221;https:\/\/ibpsmexico.com\/wp-content\/uploads\/2021\/11\/legales1.jpg&#8221;][\/vc_column][\/vc_row][vc_row content_placement=&#8221;middle&#8221; et_uniqid=&#8221;et_custom_uniqid_6049212733bbd&#8221; css=&#8221;.vc_custom_1615643996753{margin-top: 160px !important;margin-bottom: 150px !important;}&#8221; _et_uniqid=&#8221;et_custom_uniqid_new_604cc555bcab1&#8243; css_md=&#8221;.vc_custom_1615643996754{margin-top: 100px !important;margin-bottom: 50px !important;}&#8221;][vc_column css_animation=&#8221;fadeInLeft&#8221; width=&#8221;1\/2&#8243; et_uniqid=&#8221;et_custom_uniqid_604cdb2828499&#8243; _et_uniqid=&#8221;et_custom_uniqid_new_61966fa989af6&#8243; css=&#8221;.vc_custom_1637248945113{padding-top: 65px !important;padding-right: 220px !important;padding-bottom: 25px !important;}&#8221;][vc_custom_heading text=&#8221;Servicios Legales&#8221; font_container=&#8221;tag:h3|font_size:20|text_align:left|color:%2393222b|line_height:96px&#8221; google_fonts=&#8221;font_family:Montserrat%3Aregular%2C700|font_style:700%20bold%20regular%3A700%3Anormal&#8221; css=&#8221;.vc_custom_1637250085490{margin-bottom: 0px !important;}&#8221; el_class=&#8221;mob-custom-size-1&#8243;][vc_column_text]<\/p>\n<ul>\n<li>Asistencia legal en las auditor\u00edas derivadas de la aplicaci\u00f3n de los tratados de libre comercio y la operaci\u00f3n aduanera de su empresa.<\/li>\n<li>Defensa legal, Procedimiento Administrativo en Materia Aduanera (PAMA), Procedimiento Administrativo por Omisi\u00f3n de Contribuciones y Cuotas Compensatorias (PACO).<\/li>\n<li>Elaboraci\u00f3n y seguimiento de Recurso Administrativo de Revocaci\u00f3n, Juicio de Nulidad y Amparo, por cr\u00e9ditos fiscales en materia aduanera.<\/li>\n<li>Procedimientos de regularizaci\u00f3n de bienes de procedencia extranjera.<\/li>\n<li>Elaboraci\u00f3n de contratos de maquila y de compraventa internacional.<\/li>\n<\/ul>\n<p>[\/vc_column_text][\/vc_column][vc_column css_animation=&#8221;fadeInRight&#8221; width=&#8221;1\/2&#8243; et_uniqid=&#8221;et_custom_uniqid_6049151d5697a&#8221; css=&#8221;.vc_custom_1637248898950{padding-top: 0px !important;padding-bottom: 0px !important;padding-left: 0px !important;}&#8221; _et_uniqid=&#8221;et_custom_uniqid_new_61966f7992e7e&#8221; css_md=&#8221;.vc_custom_1637248898951{padding-left: 0px !important;}&#8221; css_xs=&#8221;.vc_custom_1637248898952{padding-top: 25px !important;}&#8221;][vc_single_image source=&#8221;external_link&#8221; alignment=&#8221;center&#8221; custom_src=&#8221;https:\/\/ibpsmexico.com\/wp-content\/uploads\/2021\/11\/legales1.jpg&#8221;][\/vc_column][\/vc_row][vc_row content_placement=&#8221;middle&#8221; et_uniqid=&#8221;et_custom_uniqid_6049212733bbd&#8221; css=&#8221;.vc_custom_1615643996753{margin-top: 160px !important;margin-bottom: 150px !important;}&#8221; _et_uniqid=&#8221;et_custom_uniqid_new_604cc555bcab1&#8243; css_md=&#8221;.vc_custom_1615643996754{margin-top: 100px !important;margin-bottom: 50px !important;}&#8221;][vc_column css_animation=&#8221;fadeInLeft&#8221; width=&#8221;1\/2&#8243; et_uniqid=&#8221;et_custom_uniqid_604cdb2828499&#8243; _et_uniqid=&#8221;et_custom_uniqid_new_604cdb28375fd&#8221;][vc_single_image source=&#8221;external_link&#8221; alignment=&#8221;center&#8221; custom_src=&#8221;https:\/\/ibpsmexico.com\/wp-content\/uploads\/2024\/02\/gobiernofam1.jpg&#8221;][\/vc_column][vc_column css_animation=&#8221;fadeInRight&#8221; width=&#8221;1\/2&#8243; et_uniqid=&#8221;et_custom_uniqid_6049151d5697a&#8221; css=&#8221;.vc_custom_1615649586676{padding-top: 65px !important;padding-bottom: 25px !important;padding-left: 220px !important;}&#8221; _et_uniqid=&#8221;et_custom_uniqid_new_604cdb2f50d0f&#8221; css_md=&#8221;.vc_custom_1615649586677{padding-left: 0px !important;}&#8221; css_xs=&#8221;.vc_custom_1615649586679{padding-top: 25px !important;}&#8221;][vc_custom_heading text=&#8221;Diagn\u00f3stico y Evaluaci\u00f3n Jur\u00eddica Empresarial&#8221; font_container=&#8221;tag:h3|font_size:16|text_align:left|color:%2393222b|line_height:20px&#8221; google_fonts=&#8221;font_family:Montserrat%3Aregular%2C700|font_style:700%20bold%20regular%3A700%3Anormal&#8221; css=&#8221;.vc_custom_1708219057087{margin-bottom: 0px !important;}&#8221; el_class=&#8221;mob-custom-size-1&#8243;][vc_column_text]<\/p>\n<p class=\"p1\">Asesoramiento y acompa\u00f1amiento para realizar un diagn\u00f3stico exhaustivo de la situaci\u00f3n legal actual de la empresa en elementos clave como:<\/p>\n<ol class=\"ol1\">\n<li class=\"li1\"><span class=\"s1\">Gobierno Corporativo y cumplimiento.<\/span><\/li>\n<li class=\"li1\"><span class=\"s1\">Estructura organizativa. <\/span><\/li>\n<li class=\"li1\"><span class=\"s1\">Funciones, pol\u00edticas y programas en general. <\/span><\/li>\n<\/ol>\n<p class=\"p1\">Enfoc\u00e1ndonos especialmente en aquellas \u00e1reas relacionadas con la identificaci\u00f3n, prevenci\u00f3n y gesti\u00f3n de riesgos legales. El prop\u00f3sito fundamental es asegurar el cumplimiento efectivo de las disposiciones legales aplicables a la empresa familiar.<\/p>\n<p>[\/vc_column_text][\/vc_column][\/vc_row]<\/p>\n<\/section>","protected":false},"excerpt":{"rendered":"<p>[vc_row content_placement=&#8221;middle&#8221; et_uniqid=&#8221;et_custom_uniqid_6049212733bbd&#8221; css=&#8221;.vc_custom_1615643996753{margin-top: 160px !important;margin-bottom: 150px !important;}&#8221; _et_uniqid=&#8221;et_custom_uniqid_new_604cc555bcab1&#8243; css_md=&#8221;.vc_custom_1615643996754{margin-top: 100px !important;margin-bottom: 50px !important;}&#8221;][vc_column css_animation=&#8221;fadeInLeft&#8221; width=&#8221;1\/2&#8243; et_uniqid=&#8221;et_custom_uniqid_604cdb2828499&#8243; _et_uniqid=&#8221;et_custom_uniqid_new_604cdb28375fd&#8221;][vc_single_image source=&#8221;external_link&#8221; alignment=&#8221;center&#8221; custom_src=&#8221;https:\/\/ibpsmexico.com\/wp-content\/uploads\/2021\/11\/auditoria1.jpg&#8221;][\/vc_column][vc_column css_animation=&#8221;fadeInRight&#8221; width=&#8221;1\/2&#8243; et_uniqid=&#8221;et_custom_uniqid_6049151d5697a&#8221; css=&#8221;.vc_custom_1615649586676{padding-top:&#8230;<\/p>\n","protected":false},"author":1,"featured_media":0,"parent":0,"menu_order":0,"comment_status":"closed","ping_status":"closed","template":"","meta":{"footnotes":""},"class_list":["post-1795","page","type-page","status-publish","hentry"],"_links":{"self":[{"href":"https:\/\/ibpsmexico.com\/index.php?rest_route=\/wp\/v2\/pages\/1795","targetHints":{"allow":["GET"]}}],"collection":[{"href":"https:\/\/ibpsmexico.com\/index.php?rest_route=\/wp\/v2\/pages"}],"about":[{"href":"https:\/\/ibpsmexico.com\/index.php?rest_route=\/wp\/v2\/types\/page"}],"author":[{"embeddable":true,"href":"https:\/\/ibpsmexico.com\/index.php?rest_route=\/wp\/v2\/users\/1"}],"replies":[{"embeddable":true,"href":"https:\/\/ibpsmexico.com\/index.php?rest_route=%2Fwp%2Fv2%2Fcomments&post=1795"}],"version-history":[{"count":8,"href":"https:\/\/ibpsmexico.com\/index.php?rest_route=\/wp\/v2\/pages\/1795\/revisions"}],"predecessor-version":[{"id":1852,"href":"https:\/\/ibpsmexico.com\/index.php?rest_route=\/wp\/v2\/pages\/1795\/revisions\/1852"}],"wp:attachment":[{"href":"https:\/\/ibpsmexico.com\/index.php?rest_route=%2Fwp%2Fv2%2Fmedia&parent=1795"}],"curies":[{"name":"wp","href":"https:\/\/api.w.org\/{rel}","templated":true}]}}